{"id":24,"date":"2025-12-11T13:19:27","date_gmt":"2025-12-11T13:19:27","guid":{"rendered":"https:\/\/famx.co.mz\/index.php\/service\/"},"modified":"2025-12-17T13:24:24","modified_gmt":"2025-12-17T13:24:24","slug":"service","status":"publish","type":"page","link":"https:\/\/famx.co.mz\/index.php\/service\/","title":{"rendered":"Fenix Aeronautical Maintenance (FAM)"},"content":{"rendered":"<div class=\"col-lg-8 col-md-8 col-sm-8 align-self-center\">\n<p class=\"mb-0\">A Fenix Aeronautical Maintenance foi fundada com o objetivo de oferecer servi\u00e7os de manuten\u00e7\u00e3o e repara\u00e7\u00e3o de aeronaves com elevados padr\u00f5es de qualidade e seguran\u00e7a, em conformidade com as normas do Instituto de Avia\u00e7\u00e3o Civil de Mo\u00e7ambique (IACM).<\/p>\n<\/div>\n","protected":false},"excerpt":{"rendered":"<p>A Fenix Aeronautical Maintenance foi fundada com o objetivo de oferecer servi\u00e7os de manuten\u00e7\u00e3o e repara\u00e7\u00e3o de aeronaves com elevados padr\u00f5es de qualidade e seguran\u00e7a, em conformidade com as normas do Instituto de Avia\u00e7\u00e3o Civil de Mo\u00e7ambique (IACM).<\/p>\n","protected":false},"author":1,"featured_media":25,"parent":0,"menu_order":0,"comment_status":"closed","ping_status":"closed","template":"","meta":{"footnotes":""},"class_list":["post-24","page","type-page","status-publish","has-post-thumbnail","hentry"],"_links":{"self":[{"href":"https:\/\/famx.co.mz\/index.php\/wp-json\/wp\/v2\/pages\/24","targetHints":{"allow":["GET"]}}],"collection":[{"href":"https:\/\/famx.co.mz\/index.php\/wp-json\/wp\/v2\/pages"}],"about":[{"href":"https:\/\/famx.co.mz\/index.php\/wp-json\/wp\/v2\/types\/page"}],"author":[{"embeddable":true,"href":"https:\/\/famx.co.mz\/index.php\/wp-json\/wp\/v2\/users\/1"}],"replies":[{"embeddable":true,"href":"https:\/\/famx.co.mz\/index.php\/wp-json\/wp\/v2\/comments?post=24"}],"version-history":[{"count":3,"href":"https:\/\/famx.co.mz\/index.php\/wp-json\/wp\/v2\/pages\/24\/revisions"}],"predecessor-version":[{"id":185,"href":"https:\/\/famx.co.mz\/index.php\/wp-json\/wp\/v2\/pages\/24\/revisions\/185"}],"wp:featuredmedia":[{"embeddable":true,"href":"https:\/\/famx.co.mz\/index.php\/wp-json\/wp\/v2\/media\/25"}],"wp:attachment":[{"href":"https:\/\/famx.co.mz\/index.php\/wp-json\/wp\/v2\/media?parent=24"}],"curies":[{"name":"wp","href":"https:\/\/api.w.org\/{rel}","templated":true}]}}